{"id":50,"date":"2011-06-23T16:42:55","date_gmt":"2011-06-23T14:42:55","guid":{"rendered":"http:\/\/www.areal-blum.ch\/wordpress\/?page_id=50"},"modified":"2014-03-28T11:04:55","modified_gmt":"2014-03-28T10:04:55","slug":"faq","status":"publish","type":"page","link":"https:\/\/www.areal-blum.ch\/wordpress\/?page_id=50","title":{"rendered":"FAQ"},"content":{"rendered":"<p><strong><a id=\"WasistdaskuerzesteMietverhaeltniswelchesangebotenwird\" name=\"WasistdaskuerzesteMietverhaeltniswelchesangebotenwird\"><\/a>Was ist das k\u00fcrzeste Mietverh\u00e4ltnis, welches angeboten wird?<\/strong><br \/>\nSie k\u00f6nnen bei uns Platz f\u00fcr eine Woche mieten. Infos bez\u00fcglich Preis, Verf\u00fcgbarkeit etc. erhalten Sie auf <a title=\"Kontakt\" href=\"https:\/\/www.areal-blum.ch\/wordpress\/?page_id=41\">Anfrage<\/a>. Hier wird allerdings kein schriftlicher Mietvertrag erstellt.<\/p>\n<p><strong><a><\/a><a id=\"WieweissichobesfreiePlaetzehat\" name=\"WieweissichobesfreiePlaetzehat\"><\/a>Wie weiss ich ob es freie Pl\u00e4tze hat?<\/strong><br \/>\nWir publizieren unsere freien Pl\u00e4tze im Infobereich rechts auf unserer homepage. Die Mitteilung wird 1x im Monat aktualisiert. Bitte informieren sie sich da oder <a title=\"Kontakt\" href=\"https:\/\/www.areal-blum.ch\/wordpress\/?page_id=41\">kontaktieren<\/a> Sie uns direkt.<\/p>\n<p><strong><a id=\"KannicheinFahrzeugauchohneNummernschildabstellen\" name=\"KannicheinFahrzeugauchohneNummernschildabstellen\"><\/a>Kann ich ein Fahrzeug auch ohne Nummernschild abstellen?<\/strong><br \/>\nJa, dies ist m\u00f6glich. Allerdings muss das Fahrzeug f\u00fcr den Strassenverkehr zugelassen sein (mit Wechselnummern) oder jederzeit problemlos zugelassen werden k\u00f6nnen. Sogenannte &#8218;Exportfahrzeuge&#8216; k\u00f6nnen aus Umweltschutzgr\u00fcnden nicht mehr eingelagert werden.<\/p>\n<p><strong><a id=\"HabenwirrundumdieUhrZugangzumAreal\" name=\"HabenwirrundumdieUhrZugangzumAreal\"><\/a>Habe ich rund um die Uhr Zugang zum Areal?<\/strong><br \/>\nJa, Sie k\u00f6nnen das Areal jederzeit betreten.<\/p>\n<p><strong><a id=\"WiesinddieAnschluesseandieoeffentlichenVerkehrsmittel\" name=\"WiesinddieAnschluesseandieoeffentlichenVerkehrsmittel\"><\/a>Wie sind die Anschl\u00fcsse an die \u00f6ffentlichen Verkehrsmittel?<\/strong><br \/>\nDie <a href=\"http:\/\/www.s-bahn-bern.ch\/beratungsschalter\/kombinierte-mobilitaet-2011\/niederscherli.html\" target=\"_blank\">S-Bahnstation<\/a> ist zu Fuss in 5 Minuten erreichbar. <a href=\"http:\/\/www.s-bahn-bern.ch\/fileadmin\/user_upload\/fahrplaene2009\/hpf_niederscherli.pdf\" target=\"_blank\">Fahrplan S6 Niederscherli<\/a>.<\/p>\n<p><strong><a id=\"KannichmitmeinenLastwagenohneProblemedasArealerreichen\" name=\"KannichmitmeinenLastwagenohneProblemedasArealerreichen\"><\/a>Kann ich mit meinen Lastwagen ohne Probleme das Areal erreichen?<\/strong><br \/>\nEine <a title=\"Galerie\" href=\"https:\/\/www.areal-blum.ch\/wordpress\/?page_id=71#unterfuehrung\">Unterf\u00fchrung<\/a> bildet den Eingang zum areal blum. Sie ist mit Fahrzeugen bis zu 3.70 Meter H\u00f6he ohne Problem zu passieren.<\/p>\n<p><strong><a id=\"WasdarfichallesaufdemPlatzlagern\" name=\"WasdarfichallesaufdemPlatzlagern\"><\/a>Was darf ich alles auf dem Platz lagern?<\/strong><br \/>\nAlles ausser &#8218;Exportfahrzeugen&#8216;, Altpneus und den \u00fcblichen Verd\u00e4chtigen wie umwelt- und wassergef\u00e4hrdenden Materialien\/Chemikalien, Sprengstoffen etc.<\/p>\n<p><strong><a id=\"IstStromaufdemArealvorhanden\" name=\"IstStromaufdemArealvorhanden\"><\/a>Ist Strom auf dem Areal vorhanden?<\/strong><br \/>\nGewisse Bereiche (Innenpl\u00e4tze) k\u00f6nnen dauerhaft mit Strom versorgt werden. Genauere Infos erhalten Sie gerne auf <a title=\"Kontakt\" href=\"https:\/\/www.areal-blum.ch\/wordpress\/?page_id=41\">Anfrage<\/a>.<\/p>\n<p><strong><a id=\"IsteinHubstaplervorhanden\" name=\"IsteinHubstaplervorhanden\"><\/a>Ist ein Hubstapler vorhanden?<\/strong><br \/>\nJa, ein <a title=\"Frontstapler\" href=\"https:\/\/www.areal-blum.ch\/wordpress\/?page_id=56\">Hubstapler (mit Fahrer)<\/a> kann per <a title=\"Kontakt\" href=\"https:\/\/www.areal-blum.ch\/wordpress\/?page_id=41\">Anfrage<\/a> bestellt werden.<\/p>\n<p><strong><a id=\"HatesSanitaereEinrichtungenaufdemPlatz\" name=\"HatesSanitaereEinrichtungenaufdemPlatz\"><\/a>Hat es sanit\u00e4re Einrichtungen auf dem Platz?<\/strong><br \/>\nWir haben eine Toilette auf dem Areal, welche von allen Mietern ben\u00fctzt werden kann.<\/p>\n<p><strong><a id=\"WiesiehtesmitVandalismusaus\" name=\"WiesiehtesmitVandalismusaus\"><\/a>Wie sieht es mit Vandalismus aus?<\/strong><br \/>\nDas Areal ist rund um die Uhr zug\u00e4nglich und somit ist kein 100%er Schutz m\u00f6glich. Bei Bedarf muss eine entsprechende Versicherung durch den Mieter abgeschlossen werden.<\/p>\n","protected":false},"excerpt":{"rendered":"<p>Was ist das k\u00fcrzeste Mietverh\u00e4ltnis, welches angeboten wird? Sie k\u00f6nnen bei uns Platz f\u00fcr eine Woche mieten. Infos bez\u00fcglich Preis, Verf\u00fcgbarkeit etc. erhalten Sie auf Anfrage. Hier wird allerdings kein schriftlicher Mietvertrag erstellt. Wie weiss ich ob es freie Pl\u00e4tze&hellip;<\/p>\n<p class=\"more-link-p\"><a class=\"btn btn-primary\" href=\"https:\/\/www.areal-blum.ch\/wordpress\/?page_id=50\">mehr &#8230;<\/a><\/p>\n","protected":false},"author":1,"featured_media":0,"parent":2,"menu_order":0,"comment_status":"closed","ping_status":"closed","template":"","meta":{"jetpack_post_was_ever_published":false,"footnotes":""},"class_list":["post-50","page","type-page","status-publish","hentry"],"jetpack_sharing_enabled":true,"jetpack_shortlink":"https:\/\/wp.me\/P2UJUG-O","_links":{"self":[{"href":"https:\/\/www.areal-blum.ch\/wordpress\/index.php?rest_route=\/wp\/v2\/pages\/50"}],"collection":[{"href":"https:\/\/www.areal-blum.ch\/wordpress\/index.php?rest_route=\/wp\/v2\/pages"}],"about":[{"href":"https:\/\/www.areal-blum.ch\/wordpress\/index.php?rest_route=\/wp\/v2\/types\/page"}],"author":[{"embeddable":true,"href":"https:\/\/www.areal-blum.ch\/wordpress\/index.php?rest_route=\/wp\/v2\/users\/1"}],"replies":[{"embeddable":true,"href":"https:\/\/www.areal-blum.ch\/wordpress\/index.php?rest_route=%2Fwp%2Fv2%2Fcomments&post=50"}],"version-history":[{"count":14,"href":"https:\/\/www.areal-blum.ch\/wordpress\/index.php?rest_route=\/wp\/v2\/pages\/50\/revisions"}],"predecessor-version":[{"id":715,"href":"https:\/\/www.areal-blum.ch\/wordpress\/index.php?rest_route=\/wp\/v2\/pages\/50\/revisions\/715"}],"up":[{"embeddable":true,"href":"https:\/\/www.areal-blum.ch\/wordpress\/index.php?rest_route=\/wp\/v2\/pages\/2"}],"wp:attachment":[{"href":"https:\/\/www.areal-blum.ch\/wordpress\/index.php?rest_route=%2Fwp%2Fv2%2Fmedia&parent=50"}],"curies":[{"name":"wp","href":"https:\/\/api.w.org\/{rel}","templated":true}]}}