{"id":65,"date":"2011-06-23T16:51:46","date_gmt":"2011-06-23T14:51:46","guid":{"rendered":"http:\/\/www.areal-blum.ch\/wordpress\/?page_id=65"},"modified":"2014-03-28T12:03:29","modified_gmt":"2014-03-28T11:03:29","slug":"links","status":"publish","type":"page","link":"https:\/\/www.areal-blum.ch\/wordpress\/?page_id=65","title":{"rendered":"Links"},"content":{"rendered":"<p>Links zu Niederscherli und Umgebung. Diese Zusammenstellung ist willk\u00fcrlich und erhebt keinen Anspruch auf Vollst\u00e4ndigkeit!<\/p>\n<p><strong>Niederscherli &#8211; Infos<\/strong><\/p>\n<table width=\"100%\" border=\"0\" cellspacing=\"0\" cellpadding=\"0\">\n<tbody>\n<tr>\n<td valign=\"top\"><a href=\"http:\/\/www.alterseinrichtungen.ch\/einrichtungen\/addo.php\" target=\"_blank\">Alterswohnungen<\/a><\/td>\n<td valign=\"top\">Alterseinrichtungen Niederscherli und Umgebung<\/td>\n<\/tr>\n<tr>\n<td valign=\"top\"><a href=\"http:\/\/www.baeren-niederscherli.ch\/\" target=\"_blank\">Hotel B\u00e4ren<\/a><\/td>\n<td valign=\"top\">Uebernachten in Niederscherli<\/td>\n<\/tr>\n<tr>\n<td valign=\"top\"><a href=\"http:\/\/www.local.ch\/de\/Niederscherli\" target=\"_blank\">local.ch<\/a><\/td>\n<td valign=\"top\">allgemeine Infos \u00fcber Niederscherli<\/td>\n<\/tr>\n<tr>\n<td valign=\"top\"><a href=\"http:\/\/www.k\u00f6nizerbibliotheken.ch\/de\/niederscherli\/angebot\" target=\"_blank\">Bibliothek<\/a><\/td>\n<td valign=\"top\">Bibliothek Niederscherli<\/td>\n<\/tr>\n<tr>\n<td valign=\"top\"><a href=\"http:\/\/www.moonliner.ch\/images\/stories\/fahrplaene\/bern\/M16.pdf\" target=\"_blank\">Moonliner<\/a><\/td>\n<td valign=\"top\">Moonliner M16 Bern-Schwarzenburg-Riggisberg<\/td>\n<\/tr>\n<tr>\n<td valign=\"top\"><a href=\"http:\/\/www.nscool.ch\" target=\"_blank\">Schulen<\/a><\/td>\n<td valign=\"top\">Schulen Niederscherli<\/td>\n<\/tr>\n<tr>\n<td valign=\"top\"><a href=\"http:\/\/www.spielgruppenkoeniz.ch\/pag\/raegeboge.html\" target=\"_blank\">Spielgruppe<\/a><\/td>\n<td valign=\"top\">Spielgruppe R\u00e4geboge Niederscherli<\/td>\n<\/tr>\n<tr>\n<td valign=\"top\"><a href=\"http:\/\/www.s-bahn-bern.ch\/fileadmin\/user_upload\/fahrplaene2009\/hpf_niederscherli.pdf\" target=\"_blank\">S-Bahn<\/a><\/td>\n<td valign=\"top\">S-Bahn Bern &#8211; Niederscherli<\/td>\n<\/tr>\n<tr>\n<td valign=\"top\"><a href=\"http:\/\/de.wikipedia.org\/wiki\/Niederscherli\" target=\"_blank\">Wikipedia<\/a><\/td>\n<td valign=\"top\">Niederscherli in Wikipedia<\/td>\n<\/tr>\n<\/tbody>\n<\/table>\n<p style=\"text-align: center;\"><img data-recalc-dims=\"1\" loading=\"lazy\" decoding=\"async\" data-attachment-id=\"696\" data-permalink=\"https:\/\/www.areal-blum.ch\/wordpress\/?attachment_id=696\" data-orig-file=\"https:\/\/i0.wp.com\/www.areal-blum.ch\/wordpress\/wp-content\/uploads\/2011\/06\/areal_logo_small.png?fit=151%2C152&amp;ssl=1\" data-orig-size=\"151,152\" data-comments-opened=\"1\" data-image-meta=\"{&quot;aperture&quot;:&quot;0&quot;,&quot;credit&quot;:&quot;&quot;,&quot;camera&quot;:&quot;&quot;,&quot;caption&quot;:&quot;&quot;,&quot;created_timestamp&quot;:&quot;0&quot;,&quot;copyright&quot;:&quot;&quot;,&quot;focal_length&quot;:&quot;0&quot;,&quot;iso&quot;:&quot;0&quot;,&quot;shutter_speed&quot;:&quot;0&quot;,&quot;title&quot;:&quot;&quot;}\" data-image-title=\"areal_logo_small\" data-image-description=\"\" data-image-caption=\"\" data-medium-file=\"https:\/\/i0.wp.com\/www.areal-blum.ch\/wordpress\/wp-content\/uploads\/2011\/06\/areal_logo_small.png?fit=151%2C152&amp;ssl=1\" data-large-file=\"https:\/\/i0.wp.com\/www.areal-blum.ch\/wordpress\/wp-content\/uploads\/2011\/06\/areal_logo_small.png?fit=151%2C152&amp;ssl=1\" tabindex=\"0\" role=\"button\" class=\"alignnone size-full wp-image-696\" alt=\"areal_logo_small\" src=\"https:\/\/i0.wp.com\/www.areal-blum.ch\/wordpress\/wp-content\/uploads\/2011\/06\/areal_logo_small.png?resize=50%2C50&#038;ssl=1\" width=\"50\" height=\"50\" srcset=\"https:\/\/i0.wp.com\/www.areal-blum.ch\/wordpress\/wp-content\/uploads\/2011\/06\/areal_logo_small.png?w=151&amp;ssl=1 151w, https:\/\/i0.wp.com\/www.areal-blum.ch\/wordpress\/wp-content\/uploads\/2011\/06\/areal_logo_small.png?resize=98%2C98&amp;ssl=1 98w\" sizes=\"(max-width: 50px) 100vw, 50px\" \/><\/p>\n<p style=\"text-align: left;\"><strong>Niederscherli &#8211; Vereine<\/strong><\/p>\n<table width=\"100%\" border=\"0\" cellspacing=\"0\" cellpadding=\"0\">\n<tbody>\n<tr>\n<td valign=\"top\"><a href=\"http:\/\/www.gospelchor-niederscherli.ch\/\" target=\"_blank\">Gospelchor<\/a><\/td>\n<td valign=\"top\">Gospelchor Niederscherli<\/td>\n<\/tr>\n<tr>\n<td valign=\"top\"><a href=\"http:\/\/www.ig-scherli.ch\/\" target=\"_blank\">IG Niederscherli<\/a><\/td>\n<td valign=\"top\">Unternehmen in Niederscherli<\/td>\n<\/tr>\n<tr>\n<td valign=\"top\"><a href=\"http:\/\/www.krv-niederscherli.ch\" target=\"_blank\">Kavallerie-Reitverein<\/a><\/td>\n<td valign=\"top\">Kavallerie-Reitverein Niederscherli<\/td>\n<\/tr>\n<tr>\n<td valign=\"top\"><a href=\"http:\/\/www.kirche-niederscherli.ch\" target=\"_blank\">Kirchenkreis<\/a><\/td>\n<td valign=\"top\">Kirchenkreis Niederscherli<\/td>\n<\/tr>\n<tr>\n<td valign=\"top\"><a href=\"http:\/\/www.scherlimusig.ch\" target=\"_blank\">Musikgesellschaft<\/a><\/td>\n<td valign=\"top\">Musikgesellschaft Niederscherli<\/td>\n<\/tr>\n<tr>\n<td valign=\"top\"><a href=\"http:\/\/www.ov-niederscherli.ch\" target=\"_blank\">Ortsverein<\/a><\/td>\n<td valign=\"top\">Ortsverein Niederscherli<\/td>\n<\/tr>\n<tr>\n<td valign=\"top\"><a href=\"http:\/\/www.tv-niederscherli.ch\/typo3\/index.php\" target=\"_blank\">Turnvereine<\/a><\/td>\n<td valign=\"top\">Turnvereine Niederscherli<\/td>\n<\/tr>\n<\/tbody>\n<\/table>\n<p style=\"text-align: center;\">\n<p style=\"text-align: center;\"><img data-recalc-dims=\"1\" loading=\"lazy\" decoding=\"async\" data-attachment-id=\"696\" data-permalink=\"https:\/\/www.areal-blum.ch\/wordpress\/?attachment_id=696\" data-orig-file=\"https:\/\/i0.wp.com\/www.areal-blum.ch\/wordpress\/wp-content\/uploads\/2011\/06\/areal_logo_small.png?fit=151%2C152&amp;ssl=1\" data-orig-size=\"151,152\" data-comments-opened=\"1\" data-image-meta=\"{&quot;aperture&quot;:&quot;0&quot;,&quot;credit&quot;:&quot;&quot;,&quot;camera&quot;:&quot;&quot;,&quot;caption&quot;:&quot;&quot;,&quot;created_timestamp&quot;:&quot;0&quot;,&quot;copyright&quot;:&quot;&quot;,&quot;focal_length&quot;:&quot;0&quot;,&quot;iso&quot;:&quot;0&quot;,&quot;shutter_speed&quot;:&quot;0&quot;,&quot;title&quot;:&quot;&quot;}\" data-image-title=\"areal_logo_small\" data-image-description=\"\" data-image-caption=\"\" data-medium-file=\"https:\/\/i0.wp.com\/www.areal-blum.ch\/wordpress\/wp-content\/uploads\/2011\/06\/areal_logo_small.png?fit=151%2C152&amp;ssl=1\" data-large-file=\"https:\/\/i0.wp.com\/www.areal-blum.ch\/wordpress\/wp-content\/uploads\/2011\/06\/areal_logo_small.png?fit=151%2C152&amp;ssl=1\" tabindex=\"0\" role=\"button\" class=\"alignnone size-full wp-image-696\" alt=\"areal_logo_small\" src=\"https:\/\/i0.wp.com\/www.areal-blum.ch\/wordpress\/wp-content\/uploads\/2011\/06\/areal_logo_small.png?resize=50%2C50&#038;ssl=1\" width=\"50\" height=\"50\" srcset=\"https:\/\/i0.wp.com\/www.areal-blum.ch\/wordpress\/wp-content\/uploads\/2011\/06\/areal_logo_small.png?w=151&amp;ssl=1 151w, https:\/\/i0.wp.com\/www.areal-blum.ch\/wordpress\/wp-content\/uploads\/2011\/06\/areal_logo_small.png?resize=98%2C98&amp;ssl=1 98w\" sizes=\"(max-width: 50px) 100vw, 50px\" \/><\/p>\n<p><strong>Niederscherli &#8211; Vermischtes<\/strong><\/p>\n<table width=\"100%\" border=\"0\" cellspacing=\"0\" cellpadding=\"0\">\n<tbody>\n<tr>\n<td valign=\"top\"><a href=\"http:\/\/www.brossa-rossa.ch\" target=\"_blank\">brossa-rossa<\/a><\/td>\n<td valign=\"top\">Zahnb\u00fcrsten im Abo aus Niederscherli<\/td>\n<\/tr>\n<tr>\n<td valign=\"top\"><a href=\"http:\/\/www.pinwand.ch\/Bern\/3145-Niederscherli.aspx\" target=\"_blank\">Gratis Inserate<\/a><\/td>\n<td valign=\"top\">Kaufen und Verkaufen in Niederscherli<\/td>\n<\/tr>\n<tr>\n<td valign=\"top\"><a href=\"http:\/\/www.lindtlama.ch\" target=\"_blank\">Lama-Trekking<\/a><\/td>\n<td valign=\"top\">Lama-Trekking in Niederscherli<\/td>\n<\/tr>\n<tr>\n<td valign=\"top\"><a href=\"http:\/\/www.niederscherli.ch\" target=\"_blank\">niederscherli.ch<\/a><\/td>\n<td valign=\"top\">niederscherli.ch &#8211; we work on it (&#8230;aber leider nicht genug?)<\/td>\n<\/tr>\n<tr>\n<td valign=\"top\"><a href=\"http:\/\/www.scherlibraeu.ch\" target=\"_blank\">Scherlibr\u00e4u<\/a><\/td>\n<td valign=\"top\">Scherlibr\u00e4u Bieridee GmbH<\/td>\n<\/tr>\n<tr>\n<td valign=\"top\"><a href=\"http:\/\/www.taufeld.ch\" target=\"_blank\">Taufeld<\/a><\/td>\n<td valign=\"top\">Rest. Sternen Taufeld<\/td>\n<\/tr>\n<tr>\n<td valign=\"top\"><a href=\"http:\/\/www.thoemus.ch\" target=\"_blank\">th\u00f6mus<\/a><\/td>\n<td valign=\"top\">Th\u00f6mus Veloshop<\/td>\n<\/tr>\n<tr>\n<td valign=\"top\"><a href=\"http:\/\/www.walkingkurse.ch\" target=\"_blank\">walking<\/a><\/td>\n<td valign=\"top\">(Nordic) Walkingkurse in Niederscherli<\/td>\n<\/tr>\n<\/tbody>\n<\/table>\n<p style=\"text-align: center;\"><img data-recalc-dims=\"1\" loading=\"lazy\" decoding=\"async\" data-attachment-id=\"696\" data-permalink=\"https:\/\/www.areal-blum.ch\/wordpress\/?attachment_id=696\" data-orig-file=\"https:\/\/i0.wp.com\/www.areal-blum.ch\/wordpress\/wp-content\/uploads\/2011\/06\/areal_logo_small.png?fit=151%2C152&amp;ssl=1\" data-orig-size=\"151,152\" data-comments-opened=\"1\" data-image-meta=\"{&quot;aperture&quot;:&quot;0&quot;,&quot;credit&quot;:&quot;&quot;,&quot;camera&quot;:&quot;&quot;,&quot;caption&quot;:&quot;&quot;,&quot;created_timestamp&quot;:&quot;0&quot;,&quot;copyright&quot;:&quot;&quot;,&quot;focal_length&quot;:&quot;0&quot;,&quot;iso&quot;:&quot;0&quot;,&quot;shutter_speed&quot;:&quot;0&quot;,&quot;title&quot;:&quot;&quot;}\" data-image-title=\"areal_logo_small\" data-image-description=\"\" data-image-caption=\"\" data-medium-file=\"https:\/\/i0.wp.com\/www.areal-blum.ch\/wordpress\/wp-content\/uploads\/2011\/06\/areal_logo_small.png?fit=151%2C152&amp;ssl=1\" data-large-file=\"https:\/\/i0.wp.com\/www.areal-blum.ch\/wordpress\/wp-content\/uploads\/2011\/06\/areal_logo_small.png?fit=151%2C152&amp;ssl=1\" tabindex=\"0\" role=\"button\" class=\"alignnone size-full wp-image-696\" alt=\"areal_logo_small\" src=\"https:\/\/i0.wp.com\/www.areal-blum.ch\/wordpress\/wp-content\/uploads\/2011\/06\/areal_logo_small.png?resize=50%2C50&#038;ssl=1\" width=\"50\" height=\"50\" srcset=\"https:\/\/i0.wp.com\/www.areal-blum.ch\/wordpress\/wp-content\/uploads\/2011\/06\/areal_logo_small.png?w=151&amp;ssl=1 151w, https:\/\/i0.wp.com\/www.areal-blum.ch\/wordpress\/wp-content\/uploads\/2011\/06\/areal_logo_small.png?resize=98%2C98&amp;ssl=1 98w\" sizes=\"(max-width: 50px) 100vw, 50px\" \/><\/p>\n<p><strong>Niederscherli &#8211; Region und weiter&#8230; <\/strong><\/p>\n<table width=\"100%\" border=\"0\" cellspacing=\"0\" cellpadding=\"0\">\n<tbody>\n<tr>\n<td valign=\"top\"><a href=\"http:\/\/www.espace.ch\" target=\"_blank\">espace.ch<\/a><\/td>\n<td valign=\"top\">Die Region auf einen Klick<\/td>\n<\/tr>\n<tr>\n<td valign=\"top\"><a href=\"http:\/\/www.fcsternenberg.ch\" target=\"_blank\">FC Sternenberg <\/a><\/td>\n<td valign=\"top\">Fussballclub Sternenberg<\/td>\n<\/tr>\n<tr>\n<td valign=\"top\"><a href=\"http:\/\/hls-dhs-dss.ch\/textes\/d\/D213.php\" target=\"_blank\">Historisches Lexikon<\/a><\/td>\n<td valign=\"top\">Historisches Lexikon der Schweiz &#8211; Gemeinde K\u00f6niz<\/td>\n<\/tr>\n<tr>\n<td valign=\"top\"><a href=\"http:\/\/www.be.ch\" target=\"_blank\">Kanton Bern<\/a><\/td>\n<td valign=\"top\">Kanton Bern<\/td>\n<\/tr>\n<tr>\n<td valign=\"top\"><a href=\"http:\/\/www.kmukoeniz.ch\" target=\"_blank\">KMU K\u00f6niz<\/a><\/td>\n<td valign=\"top\">Kleine und Mittlere Unternehmen der Gemeinde K\u00f6niz<\/td>\n<\/tr>\n<tr>\n<td valign=\"top\"><a href=\"http:\/\/www.koeniz.ch\" target=\"_blank\">K\u00f6niz<\/a><\/td>\n<td valign=\"top\">Eine Gemeinde mit Aussichten<\/td>\n<\/tr>\n<tr>\n<td valign=\"top\"><a href=\"http:\/\/www.bm-media.ch\" target=\"_blank\">K\u00f6nizer Zeitung<\/a><\/td>\n<td valign=\"top\">K\u00f6nizer Zeitung<\/td>\n<\/tr>\n<tr>\n<td valign=\"top\"><a href=\"http:\/\/www.juk.ch\" target=\"_blank\"> juk &#8211; Jugendarbeit<\/a><\/td>\n<td valign=\"top\">Jugendarbeit K\u00f6niz<\/td>\n<\/tr>\n<tr>\n<td valign=\"top\"><a href=\"http:\/\/www.kjgo.ch\" target=\"_blank\">Jugendgruppen<\/a><\/td>\n<td valign=\"top\">K\u00f6nizer Jugendgruppen Organisation<\/td>\n<\/tr>\n<tr>\n<td valign=\"top\"><a href=\"http:\/\/www.neuhausplatz.ch\/\" target=\"_blank\">neuhausplatz<\/a><\/td>\n<td valign=\"top\">Herzlich willkommen am Neuhausplatz<\/td>\n<\/tr>\n<tr>\n<td valign=\"top\"><a href=\"http:\/\/www.openairkinoschlatt.ch\" target=\"_blank\">OpenAirKinoSchlatt<\/a><\/td>\n<td valign=\"top\">Open Air Kino Schlatt<\/td>\n<\/tr>\n<tr>\n<td valign=\"top\"><a href=\"http:\/\/www.pfadi-falkenstein.ch\" target=\"_blank\">Pfadi<\/a><\/td>\n<td valign=\"top\">Pfadi Falkenstein K\u00f6niz<\/td>\n<\/tr>\n<tr>\n<td valign=\"top\"><a href=\"http:\/\/www.ch.ch\" target=\"_blank\">Schweiz<\/a><\/td>\n<td valign=\"top\">Das Schweizer Portal<\/td>\n<\/tr>\n<tr>\n<td valign=\"top\"><a href=\"http:\/\/www.spitex-regionkoeniz.ch\" target=\"_blank\">Spitex<\/a><\/td>\n<td valign=\"top\">Spitex Region K\u00f6niz<\/td>\n<\/tr>\n<tr>\n<td valign=\"top\"><a href=\"http:\/\/www.bern.ch\" target=\"_blank\">Stadt Bern<\/a><\/td>\n<td valign=\"top\">Willkommen in der Bundesstadt<\/td>\n<\/tr>\n<\/tbody>\n<\/table>\n","protected":false},"excerpt":{"rendered":"<p>Links zu Niederscherli und Umgebung. Diese Zusammenstellung ist willk\u00fcrlich und erhebt keinen Anspruch auf Vollst\u00e4ndigkeit! Niederscherli &#8211; Infos Alterswohnungen Alterseinrichtungen Niederscherli und Umgebung Hotel B\u00e4ren Uebernachten in Niederscherli local.ch allgemeine Infos \u00fcber Niederscherli Bibliothek Bibliothek Niederscherli Moonliner Moonliner M16 Bern-Schwarzenburg-Riggisberg&hellip;<\/p>\n<p class=\"more-link-p\"><a class=\"btn btn-primary\" href=\"https:\/\/www.areal-blum.ch\/wordpress\/?page_id=65\">mehr &#8230;<\/a><\/p>\n","protected":false},"author":1,"featured_media":0,"parent":4,"menu_order":0,"comment_status":"closed","ping_status":"closed","template":"","meta":{"jetpack_post_was_ever_published":false,"footnotes":""},"class_list":["post-65","page","type-page","status-publish","hentry"],"jetpack_sharing_enabled":true,"jetpack_shortlink":"https:\/\/wp.me\/P2UJUG-13","_links":{"self":[{"href":"https:\/\/www.areal-blum.ch\/wordpress\/index.php?rest_route=\/wp\/v2\/pages\/65"}],"collection":[{"href":"https:\/\/www.areal-blum.ch\/wordpress\/index.php?rest_route=\/wp\/v2\/pages"}],"about":[{"href":"https:\/\/www.areal-blum.ch\/wordpress\/index.php?rest_route=\/wp\/v2\/types\/page"}],"author":[{"embeddable":true,"href":"https:\/\/www.areal-blum.ch\/wordpress\/index.php?rest_route=\/wp\/v2\/users\/1"}],"replies":[{"embeddable":true,"href":"https:\/\/www.areal-blum.ch\/wordpress\/index.php?rest_route=%2Fwp%2Fv2%2Fcomments&post=65"}],"version-history":[{"count":23,"href":"https:\/\/www.areal-blum.ch\/wordpress\/index.php?rest_route=\/wp\/v2\/pages\/65\/revisions"}],"predecessor-version":[{"id":726,"href":"https:\/\/www.areal-blum.ch\/wordpress\/index.php?rest_route=\/wp\/v2\/pages\/65\/revisions\/726"}],"up":[{"embeddable":true,"href":"https:\/\/www.areal-blum.ch\/wordpress\/index.php?rest_route=\/wp\/v2\/pages\/4"}],"wp:attachment":[{"href":"https:\/\/www.areal-blum.ch\/wordpress\/index.php?rest_route=%2Fwp%2Fv2%2Fmedia&parent=65"}],"curies":[{"name":"wp","href":"https:\/\/api.w.org\/{rel}","templated":true}]}}