{"id":67,"date":"2011-06-23T16:52:10","date_gmt":"2011-06-23T14:52:10","guid":{"rendered":"http:\/\/www.areal-blum.ch\/wordpress\/?page_id=67"},"modified":"2022-10-02T17:20:17","modified_gmt":"2022-10-02T15:20:17","slug":"team","status":"publish","type":"page","link":"https:\/\/www.areal-blum.ch\/wordpress\/?page_id=67","title":{"rendered":"Team"},"content":{"rendered":"<p>Die Arnold Blum AG ist ein Familienbetrieb! Die Gesichter hinter der Arnold Blum AG:<\/p>\n<table border=\"0\" width=\"515\" cellspacing=\"0\" cellpadding=\"0\">\n<tbody>\n<tr>\n<td valign=\"top\" width=\"160\"><img data-recalc-dims=\"1\" loading=\"lazy\" decoding=\"async\" data-attachment-id=\"289\" data-permalink=\"https:\/\/www.areal-blum.ch\/wordpress\/?attachment_id=289\" data-orig-file=\"https:\/\/i0.wp.com\/www.areal-blum.ch\/wordpress\/wp-content\/uploads\/2011\/06\/david.jpg?fit=150%2C211&amp;ssl=1\" data-orig-size=\"150,211\" data-comments-opened=\"1\" data-image-meta=\"{&quot;aperture&quot;:&quot;0&quot;,&quot;credit&quot;:&quot;&quot;,&quot;camera&quot;:&quot;&quot;,&quot;caption&quot;:&quot;&quot;,&quot;created_timestamp&quot;:&quot;0&quot;,&quot;copyright&quot;:&quot;&quot;,&quot;focal_length&quot;:&quot;0&quot;,&quot;iso&quot;:&quot;0&quot;,&quot;shutter_speed&quot;:&quot;0&quot;,&quot;title&quot;:&quot;&quot;}\" data-image-title=\"david\" data-image-description=\"\" data-image-caption=\"\" data-medium-file=\"https:\/\/i0.wp.com\/www.areal-blum.ch\/wordpress\/wp-content\/uploads\/2011\/06\/david.jpg?fit=150%2C211&amp;ssl=1\" data-large-file=\"https:\/\/i0.wp.com\/www.areal-blum.ch\/wordpress\/wp-content\/uploads\/2011\/06\/david.jpg?fit=150%2C211&amp;ssl=1\" tabindex=\"0\" role=\"button\" class=\"aligncenter size-full wp-image-289\" title=\"david\" src=\"https:\/\/i0.wp.com\/www.areal-blum.ch\/wordpress\/wp-content\/uploads\/2011\/06\/david.jpg?resize=150%2C211&#038;ssl=1\" alt=\"\" width=\"150\" height=\"211\" \/><\/td>\n<td valign=\"bottom\"><strong>David Blum<\/strong><\/td>\n<\/tr>\n<tr>\n<td valign=\"top\" width=\"160\">Funktion:<\/td>\n<td valign=\"top\">Mitglied des Verwaltungsrates vor Ort, betreibt Detailhandel und Zuschnitt auf dem Areal<\/td>\n<\/tr>\n<tr>\n<td valign=\"top\" width=\"160\">Zust\u00e4ndigkeitsbereich:<\/td>\n<td valign=\"top\">Vermietung der Pl\u00e4tze<\/td>\n<\/tr>\n<tr>\n<td valign=\"top\" width=\"160\">Lebenslauf:<\/td>\n<td valign=\"top\">abgeschlossene Berufslehre als S\u00e4ger und Elektriker<\/td>\n<\/tr>\n<tr>\n<td valign=\"top\" width=\"160\">Kontakt:<\/td>\n<td valign=\"top\"><a href=\"mailto:david.blum@areal-blum.ch\">david.blum@areal-blum.ch<\/a><\/td>\n<\/tr>\n<\/tbody>\n<\/table>\n<table border=\"0\" width=\"515\" cellspacing=\"0\" cellpadding=\"0\">\n<tbody>\n<tr>\n<td valign=\"top\" width=\"160\"><img data-recalc-dims=\"1\" loading=\"lazy\" decoding=\"async\" data-attachment-id=\"293\" data-permalink=\"https:\/\/www.areal-blum.ch\/wordpress\/?attachment_id=293\" data-orig-file=\"https:\/\/i0.wp.com\/www.areal-blum.ch\/wordpress\/wp-content\/uploads\/2011\/06\/nadine.jpg?fit=150%2C211&amp;ssl=1\" data-orig-size=\"150,211\" data-comments-opened=\"1\" data-image-meta=\"{&quot;aperture&quot;:&quot;0&quot;,&quot;credit&quot;:&quot;&quot;,&quot;camera&quot;:&quot;&quot;,&quot;caption&quot;:&quot;&quot;,&quot;created_timestamp&quot;:&quot;0&quot;,&quot;copyright&quot;:&quot;&quot;,&quot;focal_length&quot;:&quot;0&quot;,&quot;iso&quot;:&quot;0&quot;,&quot;shutter_speed&quot;:&quot;0&quot;,&quot;title&quot;:&quot;&quot;}\" data-image-title=\"nadine\" data-image-description=\"\" data-image-caption=\"\" data-medium-file=\"https:\/\/i0.wp.com\/www.areal-blum.ch\/wordpress\/wp-content\/uploads\/2011\/06\/nadine.jpg?fit=150%2C211&amp;ssl=1\" data-large-file=\"https:\/\/i0.wp.com\/www.areal-blum.ch\/wordpress\/wp-content\/uploads\/2011\/06\/nadine.jpg?fit=150%2C211&amp;ssl=1\" tabindex=\"0\" role=\"button\" class=\"aligncenter size-full wp-image-293\" title=\"nadine\" src=\"https:\/\/i0.wp.com\/www.areal-blum.ch\/wordpress\/wp-content\/uploads\/2011\/06\/nadine.jpg?resize=150%2C211&#038;ssl=1\" alt=\"\" width=\"150\" height=\"211\" \/><\/td>\n<td valign=\"bottom\"><strong>Nadine Blum<\/strong><\/td>\n<\/tr>\n<tr>\n<td valign=\"top\" width=\"160\">Funktion:<\/td>\n<td valign=\"top\">Gesch\u00e4ftsleitung<\/td>\n<\/tr>\n<tr>\n<td valign=\"top\" width=\"160\">Zust\u00e4ndigkeitsbereich:<\/td>\n<td valign=\"top\">Verwaltung und Administration<\/td>\n<\/tr>\n<tr>\n<td valign=\"top\" width=\"160\">Lebenslauf:<\/td>\n<td valign=\"top\">abgeschlossene kaufm\u00e4nnische Ausbildung, Weiterbildung als Webdesignerin<\/td>\n<\/tr>\n<tr>\n<td valign=\"top\" width=\"160\">Kontakt:<\/td>\n<td valign=\"top\"><a href=\"mailto:nadine.blum@areal-blum.ch\">nadine.blum@areal-blum.ch<\/a><\/td>\n<\/tr>\n<\/tbody>\n<\/table>\n<table border=\"0\" width=\"515\" cellspacing=\"0\" cellpadding=\"0\">\n<tbody>\n<tr>\n<td valign=\"top\" width=\"160\">\u00a0<\/td>\n<td valign=\"bottom\">\u00a0<\/td>\n<\/tr>\n<tr>\n<td valign=\"top\" width=\"160\">\u00a0<\/td>\n<td valign=\"top\">\u00a0<\/td>\n<\/tr>\n<tr>\n<td valign=\"top\" width=\"160\">\u00a0<\/td>\n<td valign=\"top\">\u00a0<\/td>\n<\/tr>\n<\/tbody>\n<\/table>\n\n\n<p><\/p>\n","protected":false},"excerpt":{"rendered":"<p>Die Arnold Blum AG ist ein Familienbetrieb! Die Gesichter hinter der Arnold Blum AG: David Blum Funktion: Mitglied des Verwaltungsrates vor Ort, betreibt Detailhandel und Zuschnitt auf dem Areal Zust\u00e4ndigkeitsbereich: Vermietung der Pl\u00e4tze Lebenslauf: abgeschlossene Berufslehre als S\u00e4ger und Elektriker&hellip;<\/p>\n<p class=\"more-link-p\"><a class=\"btn btn-primary\" href=\"https:\/\/www.areal-blum.ch\/wordpress\/?page_id=67\">mehr &#8230;<\/a><\/p>\n","protected":false},"author":1,"featured_media":0,"parent":39,"menu_order":0,"comment_status":"closed","ping_status":"closed","template":"","meta":{"jetpack_post_was_ever_published":false,"footnotes":""},"class_list":["post-67","page","type-page","status-publish","hentry"],"jetpack_sharing_enabled":true,"jetpack_shortlink":"https:\/\/wp.me\/P2UJUG-15","_links":{"self":[{"href":"https:\/\/www.areal-blum.ch\/wordpress\/index.php?rest_route=\/wp\/v2\/pages\/67"}],"collection":[{"href":"https:\/\/www.areal-blum.ch\/wordpress\/index.php?rest_route=\/wp\/v2\/pages"}],"about":[{"href":"https:\/\/www.areal-blum.ch\/wordpress\/index.php?rest_route=\/wp\/v2\/types\/page"}],"author":[{"embeddable":true,"href":"https:\/\/www.areal-blum.ch\/wordpress\/index.php?rest_route=\/wp\/v2\/users\/1"}],"replies":[{"embeddable":true,"href":"https:\/\/www.areal-blum.ch\/wordpress\/index.php?rest_route=%2Fwp%2Fv2%2Fcomments&post=67"}],"version-history":[{"count":15,"href":"https:\/\/www.areal-blum.ch\/wordpress\/index.php?rest_route=\/wp\/v2\/pages\/67\/revisions"}],"predecessor-version":[{"id":989,"href":"https:\/\/www.areal-blum.ch\/wordpress\/index.php?rest_route=\/wp\/v2\/pages\/67\/revisions\/989"}],"up":[{"embeddable":true,"href":"https:\/\/www.areal-blum.ch\/wordpress\/index.php?rest_route=\/wp\/v2\/pages\/39"}],"wp:attachment":[{"href":"https:\/\/www.areal-blum.ch\/wordpress\/index.php?rest_route=%2Fwp%2Fv2%2Fmedia&parent=67"}],"curies":[{"name":"wp","href":"https:\/\/api.w.org\/{rel}","templated":true}]}}